{"id":936,"date":"2026-01-05T15:49:14","date_gmt":"2026-01-05T15:49:14","guid":{"rendered":"https:\/\/aceroschubut.com\/?page_id=936"},"modified":"2026-01-19T14:01:27","modified_gmt":"2026-01-19T14:01:27","slug":"936-2","status":"publish","type":"page","link":"https:\/\/aceroschubut.com\/index.php\/936-2\/","title":{"rendered":"Alambres Moleteados"},"content":{"rendered":"<p>[et_pb_section fb_built=\u00bb1&#8243; _builder_version=\u00bb4.27.4&#8243; _module_preset=\u00bbdefault\u00bb use_background_color_gradient=\u00bbon\u00bb background_color_gradient_direction=\u00bb164deg\u00bb background_color_gradient_stops=\u00bbgcid-body-color 0%|gcid-0839bb2f-cfc6-463b-b5fa-d8039626e0ed 100%\u00bb global_colors_info=\u00bb{%22gcid-body-color%22:%91%22background_color_gradient_stops%22%93,%22gcid-heading-color%22:%91%22background_color_gradient_stops%22%93,%22gcid-0839bb2f-cfc6-463b-b5fa-d8039626e0ed%22:%91%22background_color_gradient_stops%22%93}\u00bb][et_pb_row _builder_version=\u00bb4.27.4&#8243; _module_preset=\u00bbdefault\u00bb global_colors_info=\u00bb{}\u00bb][et_pb_column type=\u00bb4_4&#8243; _builder_version=\u00bb4.27.4&#8243; _module_preset=\u00bbdefault\u00bb global_colors_info=\u00bb{}\u00bb][et_pb_heading title=\u00bbALAMBRE MOLETEADO<br \/>\n\u00bb _builder_version=\u00bb4.27.4&#8243; _module_preset=\u00bbdefault\u00bb title_font=\u00bbunineue-heavy-italic||||||||\u00bb title_text_color=\u00bbgcid-a208cca2-c46d-46a9-80cb-d608cbac251b\u00bb title_font_size=\u00bb40px\u00bb custom_margin=\u00bb70px||||false|false\u00bb global_colors_info=\u00bb{%22gcid-a208cca2-c46d-46a9-80cb-d608cbac251b%22:%91%22title_text_color%22%93}\u00bb][\/et_pb_heading][et_pb_text _builder_version=\u00bb4.27.4&#8243; _module_preset=\u00bbdefault\u00bb text_font=\u00bb&#8211;et_global_heading_font||||||||\u00bb text_text_color=\u00bb#FFFFFF\u00bb text_font_size=\u00bb20px\u00bb header_font=\u00bb||||||||\u00bb global_colors_info=\u00bb{}\u00bb]<\/p>\n<p>El alambre moleteado se refiere a un tipo de alambre (o pieza cil\u00edndrica) que tiene un patr\u00f3n de crestas o ranuras en su superficie, creado mediante un proceso llamado moleteado, que mejora el agarre y la fricci\u00f3n, siendo crucial en herramientas manuales, tornillos, y perfiles de construcci\u00f3n para evitar deslizamientos y facilitar la manipulaci\u00f3n, sin arrancar material, solo deform\u00e1ndolo.<\/p>\n<p>[\/et_pb_text][\/et_pb_column][\/et_pb_row][et_pb_row _builder_version=\u00bb4.27.4&#8243; _module_preset=\u00bbdefault\u00bb global_colors_info=\u00bb{}\u00bb][et_pb_column type=\u00bb4_4&#8243; _builder_version=\u00bb4.27.4&#8243; _module_preset=\u00bbdefault\u00bb global_colors_info=\u00bb{}\u00bb][et_pb_code _builder_version=\u00bb4.27.4&#8243; _module_preset=\u00bbdefault\u00bb hover_enabled=\u00bb0&#8243; global_colors_info=\u00bb{}\u00bb sticky_enabled=\u00bb0&#8243;]<link rel=\"preconnect\" href=\"https:\/\/fonts.googleapis.com\"><!-- [et_pb_line_break_holder] --><link rel=\"preconnect\" href=\"https:\/\/fonts.gstatic.com\" crossorigin><!-- [et_pb_line_break_holder] --><link href=\"https:\/\/fonts.googleapis.com\/css2?family=Archivo:wght@400;600;800&#038;display=swap\" rel=\"stylesheet\"><!-- [et_pb_line_break_holder] --><!-- [et_pb_line_break_holder] --><\/p>\n<style><!-- [et_pb_line_break_holder] -->    \/* Contenedor Principal *\/<!-- [et_pb_line_break_holder] -->    .wire-dark-container {<!-- [et_pb_line_break_holder] -->        display: flex;<!-- [et_pb_line_break_holder] -->        flex-direction: column;<!-- [et_pb_line_break_holder] -->        align-items: center;<!-- [et_pb_line_break_holder] -->        padding: 20px;<!-- [et_pb_line_break_holder] -->        border-radius: 20px;<!-- [et_pb_line_break_holder] -->        gap: 30px;<!-- [et_pb_line_break_holder] -->        font-family: 'Archivo', sans-serif;<!-- [et_pb_line_break_holder] -->        box-sizing: border-box;<!-- [et_pb_line_break_holder] -->    }<!-- [et_pb_line_break_holder] --><!-- [et_pb_line_break_holder] -->    \/* Imagen Centrada *\/<!-- [et_pb_line_break_holder] -->    .wire-img-col {<!-- [et_pb_line_break_holder] -->        width: 100%;<!-- [et_pb_line_break_holder] -->        display: flex;<!-- [et_pb_line_break_holder] -->        justify-content: center;<!-- [et_pb_line_break_holder] -->    }<!-- [et_pb_line_break_holder] --><!-- [et_pb_line_break_holder] -->    .wire-img-col img {<!-- [et_pb_line_break_holder] -->        width: 100%;<!-- [et_pb_line_break_holder] -->        max-width: 600px;<!-- [et_pb_line_break_holder] -->        height: auto;<!-- [et_pb_line_break_holder] -->        border-radius: 15px;<!-- [et_pb_line_break_holder] -->        display: block;<!-- [et_pb_line_break_holder] -->        object-fit: cover;<!-- [et_pb_line_break_holder] -->        box-shadow: 0 5px 15px rgba(0,0,0,0.3);<!-- [et_pb_line_break_holder] -->    }<!-- [et_pb_line_break_holder] --><!-- [et_pb_line_break_holder] -->    \/* Grilla de 2 Columnas para las tarjetas *\/<!-- [et_pb_line_break_holder] -->    .wire-info-col {<!-- [et_pb_line_break_holder] -->        width: 100%;<!-- [et_pb_line_break_holder] -->        display: grid;<!-- [et_pb_line_break_holder] -->        grid-template-columns: 1fr 1fr;<!-- [et_pb_line_break_holder] -->        gap: 20px;<!-- [et_pb_line_break_holder] -->    }<!-- [et_pb_line_break_holder] --><!-- [et_pb_line_break_holder] -->    \/* Estilo de Tarjeta *\/<!-- [et_pb_line_break_holder] -->    .wire-white-card {<!-- [et_pb_line_break_holder] -->        background-color: #fff;<!-- [et_pb_line_break_holder] -->        border-radius: 15px;<!-- [et_pb_line_break_holder] -->        padding: 25px;<!-- [et_pb_line_break_holder] -->        box-shadow: 0 4px 10px rgba(0,0,0,0.2);<!-- [et_pb_line_break_holder] -->    }<!-- [et_pb_line_break_holder] --><!-- [et_pb_line_break_holder] -->    \/* T\u00edtulo y Descripci\u00f3n *\/<!-- [et_pb_line_break_holder] -->    .wire-card-title {<!-- [et_pb_line_break_holder] -->        font-size: 1.1rem;<!-- [et_pb_line_break_holder] -->        font-weight: 800;<!-- [et_pb_line_break_holder] -->        text-transform: uppercase;<!-- [et_pb_line_break_holder] -->        color: #000;<!-- [et_pb_line_break_holder] -->        margin: 0 0 5px 0;<!-- [et_pb_line_break_holder] -->        line-height: 1.2;<!-- [et_pb_line_break_holder] -->    }<!-- [et_pb_line_break_holder] --><!-- [et_pb_line_break_holder] -->    .wire-desc {<!-- [et_pb_line_break_holder] -->        font-size: 0.85rem;<!-- [et_pb_line_break_holder] -->        color: #666;<!-- [et_pb_line_break_holder] -->        margin-bottom: 20px;<!-- [et_pb_line_break_holder] -->        font-style: italic;<!-- [et_pb_line_break_holder] -->        border-bottom: 2px solid #eee;<!-- [et_pb_line_break_holder] -->        padding-bottom: 10px;<!-- [et_pb_line_break_holder] -->    }<!-- [et_pb_line_break_holder] --><!-- [et_pb_line_break_holder] -->    \/* LISTA DE FILAS (Medida + SKU) *\/<!-- [et_pb_line_break_holder] -->    .wire-row-list {<!-- [et_pb_line_break_holder] -->        display: flex;<!-- [et_pb_line_break_holder] -->        flex-direction: column;<!-- [et_pb_line_break_holder] -->        gap: 8px; \/* Espacio entre renglones *\/<!-- [et_pb_line_break_holder] -->    }<!-- [et_pb_line_break_holder] --><!-- [et_pb_line_break_holder] -->    .wire-row {<!-- [et_pb_line_break_holder] -->        display: flex;<!-- [et_pb_line_break_holder] -->        justify-content: space-between; \/* Texto a la izq, SKU a la der *\/<!-- [et_pb_line_break_holder] -->        align-items: center;<!-- [et_pb_line_break_holder] -->        font-size: 0.9rem;<!-- [et_pb_line_break_holder] -->        color: #333;<!-- [et_pb_line_break_holder] -->        border-bottom: 1px dashed #e0e0e0;<!-- [et_pb_line_break_holder] -->        padding-bottom: 4px;<!-- [et_pb_line_break_holder] -->    }<!-- [et_pb_line_break_holder] --><!-- [et_pb_line_break_holder] -->    \/* Estilo del Badge SKU (Oscuro con letras amarillas) *\/<!-- [et_pb_line_break_holder] -->    .sku-badge {<!-- [et_pb_line_break_holder] -->        background-color: #333;<!-- [et_pb_line_break_holder] -->        color: #FFD700; \/* Amarillo Oro *\/<!-- [et_pb_line_break_holder] -->        font-size: 0.75rem;<!-- [et_pb_line_break_holder] -->        font-weight: 700;<!-- [et_pb_line_break_holder] -->        padding: 3px 8px;<!-- [et_pb_line_break_holder] -->        border-radius: 4px;<!-- [et_pb_line_break_holder] -->        letter-spacing: 0.05em;<!-- [et_pb_line_break_holder] -->        white-space: nowrap; \/* Evita que el SKU se parta en dos lineas *\/<!-- [et_pb_line_break_holder] -->    }<!-- [et_pb_line_break_holder] --><!-- [et_pb_line_break_holder] -->    \/* Medidas en negrita suave *\/<!-- [et_pb_line_break_holder] -->    .measure-text {<!-- [et_pb_line_break_holder] -->        font-weight: 600;<!-- [et_pb_line_break_holder] -->    }<!-- [et_pb_line_break_holder] --><!-- [et_pb_line_break_holder] -->    \/* Ajuste M\u00f3vil *\/<!-- [et_pb_line_break_holder] -->    @media (max-width: 768px) {<!-- [et_pb_line_break_holder] -->        .wire-info-col {<!-- [et_pb_line_break_holder] -->            grid-template-columns: 1fr;<!-- [et_pb_line_break_holder] -->        }<!-- [et_pb_line_break_holder] -->        .wire-dark-container {<!-- [et_pb_line_break_holder] -->            padding: 20px;<!-- [et_pb_line_break_holder] -->        }<!-- [et_pb_line_break_holder] -->        .wire-row {<!-- [et_pb_line_break_holder] -->            font-size: 0.85rem; \/* Un poco m\u00e1s chico en celular *\/<!-- [et_pb_line_break_holder] -->        }<!-- [et_pb_line_break_holder] -->    }<!-- [et_pb_line_break_holder] --><\/style>\n<p><!-- [et_pb_line_break_holder] --><!-- [et_pb_line_break_holder] --><\/p>\n<div class=\"wire-dark-container\"><!-- [et_pb_line_break_holder] --><!-- [et_pb_line_break_holder] -->    <\/p>\n<div class=\"wire-img-col\"><!-- [et_pb_line_break_holder] -->        <img decoding=\"async\" src=\"https:\/\/aceroschubut.com\/wp-content\/uploads\/2026\/01\/moleteados.jpeg\" alt=\"Alambre Moleteado\"><!-- [et_pb_line_break_holder] -->    <\/div>\n<p><!-- [et_pb_line_break_holder] --><!-- [et_pb_line_break_holder] -->    <\/p>\n<div class=\"wire-info-col\"><!-- [et_pb_line_break_holder] --><!-- [et_pb_line_break_holder] -->        <\/p>\n<div class=\"wire-white-card\"><!-- [et_pb_line_break_holder] -->            <\/p>\n<h3 class=\"wire-card-title\">EN BOBINAS CAPA\/CAPA (APROX 900KG)<\/h3>\n<p><!-- [et_pb_line_break_holder] -->            <\/p>\n<div class=\"wire-desc\">Alambre moleteado capa sobre capa.<\/div>\n<p><!-- [et_pb_line_break_holder] -->            <!-- [et_pb_line_break_holder] -->            <\/p>\n<div class=\"wire-row-list\"><!-- [et_pb_line_break_holder] -->                <\/p>\n<div class=\"wire-row\"><span class=\"measure-text\">\u2022 3.40 MM 69 GR\/MT<\/span> <span class=\"sku-badge\">SKU 2100<\/span><\/div>\n<p><!-- [et_pb_line_break_holder] -->                <\/p>\n<div class=\"wire-row\"><span class=\"measure-text\">\u2022 3.50 MM 75 GR\/MT<\/span> <span class=\"sku-badge\">SKU 366<\/span><\/div>\n<p><!-- [et_pb_line_break_holder] -->                <\/p>\n<div class=\"wire-row\"><span class=\"measure-text\">\u2022 3.60 MM 80 GR\/MT<\/span> <span class=\"sku-badge\">SKU 2101<\/span><\/div>\n<p><!-- [et_pb_line_break_holder] -->                <\/p>\n<div class=\"wire-row\"><span class=\"measure-text\">\u2022 3.80 MM 90 GR\/MT<\/span> <span class=\"sku-badge\">SKU 2102<\/span><\/div>\n<p><!-- [et_pb_line_break_holder] -->                <\/p>\n<div class=\"wire-row\"><span class=\"measure-text\">\u2022 4.70 MM 136 GR\/MT<\/span> <span class=\"sku-badge\">SKU 244<\/span><\/div>\n<p><!-- [et_pb_line_break_holder] -->                <\/p>\n<div class=\"wire-row\"><span class=\"measure-text\">\u2022 5.20 MM 170 GR\/MT<\/span> <span class=\"sku-badge\">SKU 246<\/span><\/div>\n<p><!-- [et_pb_line_break_holder] -->                <\/p>\n<div class=\"wire-row\"><span class=\"measure-text\">\u2022 5.70 MM 200 GR\/MT<\/span> <span class=\"sku-badge\">SKU 1891<\/span><\/div>\n<p><!-- [et_pb_line_break_holder] -->            <\/div>\n<p><!-- [et_pb_line_break_holder] -->        <\/div>\n<p><!-- [et_pb_line_break_holder] --><!-- [et_pb_line_break_holder] -->        <\/p>\n<div class=\"wire-white-card\"><!-- [et_pb_line_break_holder] -->            <\/p>\n<h3 class=\"wire-card-title\">ENDEREZADO A 12 MTS (PAQUETES 1800KG)<\/h3>\n<p><!-- [et_pb_line_break_holder] -->            <\/p>\n<div class=\"wire-desc\">Se pueden doblar a la mitad (< 3 tn).<\/div>\n<p><!-- [et_pb_line_break_holder] -->            <!-- [et_pb_line_break_holder] -->            <\/p>\n<div class=\"wire-row-list\"><!-- [et_pb_line_break_holder] -->                <\/p>\n<div class=\"wire-row\"><span class=\"measure-text\">\u2022 3.40 MM 69 GR\/MT<\/span> <span class=\"sku-badge\">SKU 149<\/span><\/div>\n<p><!-- [et_pb_line_break_holder] -->                <\/p>\n<div class=\"wire-row\"><span class=\"measure-text\">\u2022 3.50 MM 75 GR\/MT<\/span> <span class=\"sku-badge\">SKU 150<\/span><\/div>\n<p><!-- [et_pb_line_break_holder] -->                <\/p>\n<div class=\"wire-row\"><span class=\"measure-text\">\u2022 3.60 MM 80 GR\/MT<\/span> <span class=\"sku-badge\">SKU 151<\/span><\/div>\n<p><!-- [et_pb_line_break_holder] -->                <\/p>\n<div class=\"wire-row\"><span class=\"measure-text\">\u2022 3.70 MM 84 GR\/MT<\/span> <span class=\"sku-badge\">SKU 152<\/span><\/div>\n<p><!-- [et_pb_line_break_holder] -->                <\/p>\n<div class=\"wire-row\"><span class=\"measure-text\">\u2022 3.80 MM 90 GR\/MT<\/span> <span class=\"sku-badge\">SKU 144<\/span><\/div>\n<p><!-- [et_pb_line_break_holder] -->                <\/p>\n<div class=\"wire-row\"><span class=\"measure-text\">\u2022 3.90 MM 94 GR\/MT<\/span> <span class=\"sku-badge\">SKU 153<\/span><\/div>\n<p><!-- [et_pb_line_break_holder] -->                <\/p>\n<div class=\"wire-row\"><span class=\"measure-text\">\u2022 4.00 MM 98 GR\/MT<\/span> <span class=\"sku-badge\">SKU 154<\/span><\/div>\n<p><!-- [et_pb_line_break_holder] -->                <\/p>\n<div class=\"wire-row\"><span class=\"measure-text\">\u2022 5.00 MM 155 GR\/MT<\/span> <span class=\"sku-badge\">SKU 60<\/span><\/div>\n<p><!-- [et_pb_line_break_holder] -->                <\/p>\n<div class=\"wire-row\"><span class=\"measure-text\">\u2022 5.50 MM 180 GR\/MT<\/span> <span class=\"sku-badge\">SKU 59<\/span><\/div>\n<p><!-- [et_pb_line_break_holder] -->                <\/p>\n<div class=\"wire-row\"><span class=\"measure-text\">\u2022 5.70 MM 200 GR\/MT<\/span> <span class=\"sku-badge\">SKU 1894<\/span><\/div>\n<p><!-- [et_pb_line_break_holder] -->            <\/div>\n<p><!-- [et_pb_line_break_holder] -->        <\/div>\n<p><!-- [et_pb_line_break_holder] --><!-- [et_pb_line_break_holder] -->        <\/p>\n<div class=\"wire-white-card\"><!-- [et_pb_line_break_holder] -->            <\/p>\n<h3 class=\"wire-card-title\">ENDEREZADO A 6 MTS (500 A 1800KG)<\/h3>\n<p><!-- [et_pb_line_break_holder] -->            <\/p>\n<div class=\"wire-desc\">Idealmente paquetes de 1800kg.<\/div>\n<p><!-- [et_pb_line_break_holder] -->            <!-- [et_pb_line_break_holder] -->            <\/p>\n<div class=\"wire-row-list\"><!-- [et_pb_line_break_holder] -->                <\/p>\n<div class=\"wire-row\"><span class=\"measure-text\">\u2022 3.40 MM 69 GR\/MT<\/span> <span class=\"sku-badge\">SKU 2103<\/span><\/div>\n<p><!-- [et_pb_line_break_holder] -->                <\/p>\n<div class=\"wire-row\"><span class=\"measure-text\">\u2022 3.50 MM 75 GR\/MT<\/span> <span class=\"sku-badge\">SKU 2104<\/span><\/div>\n<p><!-- [et_pb_line_break_holder] -->                <\/p>\n<div class=\"wire-row\"><span class=\"measure-text\">\u2022 3.70 MM 84 GR\/MT<\/span> <span class=\"sku-badge\">SKU 2106<\/span><\/div>\n<p><!-- [et_pb_line_break_holder] -->                <\/p>\n<div class=\"wire-row\"><span class=\"measure-text\">\u2022 3.80 MM 90 GR\/MT<\/span> <span class=\"sku-badge\">SKU 2107<\/span><\/div>\n<p><!-- [et_pb_line_break_holder] -->                <\/p>\n<div class=\"wire-row\"><span class=\"measure-text\">\u2022 3.90 MM 94 GR\/MT<\/span> <span class=\"sku-badge\">SKU 2108<\/span><\/div>\n<p><!-- [et_pb_line_break_holder] -->                <\/p>\n<div class=\"wire-row\"><span class=\"measure-text\">\u2022 4.00 MM 98 GR\/MT<\/span> <span class=\"sku-badge\">SKU 2109<\/span><\/div>\n<p><!-- [et_pb_line_break_holder] -->                <\/p>\n<div class=\"wire-row\"><span class=\"measure-text\">\u2022 5.00 MM 155 GR\/MT<\/span> <span class=\"sku-badge\">SKU 2110<\/span><\/div>\n<p><!-- [et_pb_line_break_holder] -->                <\/p>\n<div class=\"wire-row\"><span class=\"measure-text\">\u2022 5.50 MM 180 GR\/MT<\/span> <span class=\"sku-badge\">SKU 2111<\/span><\/div>\n<p><!-- [et_pb_line_break_holder] -->                <\/p>\n<div class=\"wire-row\"><span class=\"measure-text\">\u2022 5.70 MM 200 GR\/MT<\/span> <span class=\"sku-badge\">SKU 2112<\/span><\/div>\n<p><!-- [et_pb_line_break_holder] -->                <\/p>\n<div class=\"wire-row\"><span class=\"measure-text\">\u2022 3.40 MM 69 GR\/MT<\/span> <span class=\"sku-badge\">SKU 2113<\/span><\/div>\n<p><!-- [et_pb_line_break_holder] -->            <\/div>\n<p><!-- [et_pb_line_break_holder] -->        <\/div>\n<p><!-- [et_pb_line_break_holder] --><!-- [et_pb_line_break_holder] -->        <\/p>\n<div class=\"wire-white-card\"><!-- [et_pb_line_break_holder] -->            <\/p>\n<h3 class=\"wire-card-title\">ENDEREZADO A MEDIDA (100MM A 12M)<\/h3>\n<p><!-- [et_pb_line_break_holder] -->            <\/p>\n<div class=\"wire-desc\">Cortes especiales (ej: 1050mm).<\/div>\n<p><!-- [et_pb_line_break_holder] -->            <!-- [et_pb_line_break_holder] -->            <\/p>\n<div class=\"wire-row-list\"><!-- [et_pb_line_break_holder] -->                <\/p>\n<div class=\"wire-row\"><span class=\"measure-text\">\u2022 3.50 MM 75 GR\/MT<\/span> <span class=\"sku-badge\">SKU 2114<\/span><\/div>\n<p><!-- [et_pb_line_break_holder] -->                <\/p>\n<div class=\"wire-row\"><span class=\"measure-text\">\u2022 3.60 MM 80 GR\/MT<\/span> <span class=\"sku-badge\">SKU 2115<\/span><\/div>\n<p><!-- [et_pb_line_break_holder] -->                <\/p>\n<div class=\"wire-row\"><span class=\"measure-text\">\u2022 3.70 MM 84 GR\/MT<\/span> <span class=\"sku-badge\">SKU 2116<\/span><\/div>\n<p><!-- [et_pb_line_break_holder] -->                <\/p>\n<div class=\"wire-row\"><span class=\"measure-text\">\u2022 3.80 MM 90 GR\/MT<\/span> <span class=\"sku-badge\">SKU 2117<\/span><\/div>\n<p><!-- [et_pb_line_break_holder] -->                <\/p>\n<div class=\"wire-row\"><span class=\"measure-text\">\u2022 3.90 MM 94 GR\/MT<\/span> <span class=\"sku-badge\">SKU 2118<\/span><\/div>\n<p><!-- [et_pb_line_break_holder] -->                <\/p>\n<div class=\"wire-row\"><span class=\"measure-text\">\u2022 4.00 MM 98 GR\/MT<\/span> <span class=\"sku-badge\">SKU 2119<\/span><\/div>\n<p><!-- [et_pb_line_break_holder] -->                <\/p>\n<div class=\"wire-row\"><span class=\"measure-text\">\u2022 4.70 MM 136 GR\/MT<\/span> <span class=\"sku-badge\">SKU 2234<\/span><\/div>\n<p><!-- [et_pb_line_break_holder] -->                <\/p>\n<div class=\"wire-row\"><span class=\"measure-text\">\u2022 5.00 MM 155 GR\/MT<\/span> <span class=\"sku-badge\">SKU 2120<\/span><\/div>\n<p><!-- [et_pb_line_break_holder] -->                <\/p>\n<div class=\"wire-row\"><span class=\"measure-text\">\u2022 5.50 MM 180 GR\/MT<\/span> <span class=\"sku-badge\">SKU 2121<\/span><\/div>\n<p><!-- [et_pb_line_break_holder] -->                <\/p>\n<div class=\"wire-row\"><span class=\"measure-text\">\u2022 5.70 MM 200 GR\/MT<\/span> <span class=\"sku-badge\">SKU 2122<\/span><\/div>\n<p><!-- [et_pb_line_break_holder] -->            <\/div>\n<p><!-- [et_pb_line_break_holder] -->        <\/div>\n<p><!-- [et_pb_line_break_holder] --><!-- [et_pb_line_break_holder] -->        <\/p>\n<div class=\"wire-white-card\"><!-- [et_pb_line_break_holder] -->            <\/p>\n<h3 class=\"wire-card-title\">EN SPYDER O COMPACTADO (APROX 900KG)<\/h3>\n<p><!-- [et_pb_line_break_holder] -->            <\/p>\n<div class=\"wire-desc\">Bobinas compactadas.<\/div>\n<p><!-- [et_pb_line_break_holder] -->            <!-- [et_pb_line_break_holder] -->            <\/p>\n<div class=\"wire-row-list\"><!-- [et_pb_line_break_holder] -->                <\/p>\n<div class=\"wire-row\"><span class=\"measure-text\">\u2022 3.40 MM 69 GR\/MT<\/span> <span class=\"sku-badge\">SKU 365<\/span><\/div>\n<p><!-- [et_pb_line_break_holder] -->                <\/p>\n<div class=\"wire-row\"><span class=\"measure-text\">\u2022 3.60 MM 80 GR\/MT<\/span> <span class=\"sku-badge\">SKU 367<\/span><\/div>\n<p><!-- [et_pb_line_break_holder] -->                <\/p>\n<div class=\"wire-row\"><span class=\"measure-text\">\u2022 3.70 MM 84 GR\/MT<\/span> <span class=\"sku-badge\">SKU 368<\/span><\/div>\n<p><!-- [et_pb_line_break_holder] -->                <\/p>\n<div class=\"wire-row\"><span class=\"measure-text\">\u2022 3.80 MM 90 GR\/MT<\/span> <span class=\"sku-badge\">SKU 369<\/span><\/div>\n<p><!-- [et_pb_line_break_holder] -->                <\/p>\n<div class=\"wire-row\"><span class=\"measure-text\">\u2022 3.90 MM 94 GR\/MT<\/span> <span class=\"sku-badge\">SKU 370<\/span><\/div>\n<p><!-- [et_pb_line_break_holder] -->                <\/p>\n<div class=\"wire-row\"><span class=\"measure-text\">\u2022 4.00 MM 98 GR\/MT<\/span> <span class=\"sku-badge\">SKU 371<\/span><\/div>\n<p><!-- [et_pb_line_break_holder] -->                <\/p>\n<div class=\"wire-row\"><span class=\"measure-text\">\u2022 5.00 MM 155 GR\/MT<\/span> <span class=\"sku-badge\">SKU 245<\/span><\/div>\n<p><!-- [et_pb_line_break_holder] -->            <\/div>\n<p><!-- [et_pb_line_break_holder] -->        <\/div>\n<p><!-- [et_pb_line_break_holder] --><!-- [et_pb_line_break_holder] -->    <\/div>\n<p><!-- [et_pb_line_break_holder] --><\/div>\n<p>[\/et_pb_code][\/et_pb_column][\/et_pb_row][et_pb_row _builder_version=\u00bb4.27.4&#8243; _module_preset=\u00bbdefault\u00bb global_colors_info=\u00bb{}\u00bb][et_pb_column type=\u00bb4_4&#8243; _builder_version=\u00bb4.27.4&#8243; _module_preset=\u00bbdefault\u00bb global_colors_info=\u00bb{}\u00bb][et_pb_code _builder_version=\u00bb4.27.4&#8243; _module_preset=\u00bbdefault\u00bb global_colors_info=\u00bb{}\u00bb]<\/p>\n<style><!-- [et_pb_line_break_holder] -->  .floating-buy-btn {<!-- [et_pb_line_break_holder] -->    position: fixed; \/* Fijo en la pantalla *\/<!-- [et_pb_line_break_holder] -->    bottom: 25px;<!-- [et_pb_line_break_holder] -->    right: 25px;<!-- [et_pb_line_break_holder] -->    z-index: 99999999 !important; \/* Ahora s\u00ed funcionar\u00e1 *\/<!-- [et_pb_line_break_holder] -->    <!-- [et_pb_line_break_holder] -->    background-color: #ffe600; <!-- [et_pb_line_break_holder] -->    color: #1a1a1a;            <!-- [et_pb_line_break_holder] -->    font-family: 'Archivo', sans-serif;<!-- [et_pb_line_break_holder] -->    font-weight: 700;<!-- [et_pb_line_break_holder] -->    text-transform: uppercase;<!-- [et_pb_line_break_holder] -->    font-size: 16px;<!-- [et_pb_line_break_holder] -->    <!-- [et_pb_line_break_holder] -->    padding: 15px 30px;<!-- [et_pb_line_break_holder] -->    border-radius: 8px;<!-- [et_pb_line_break_holder] -->    text-decoration: none;<!-- [et_pb_line_break_holder] -->    <!-- [et_pb_line_break_holder] -->    box-shadow: 0 4px 15px rgba(0, 0, 0, 0.4);<!-- [et_pb_line_break_holder] -->    transition: all 0.3s ease;<!-- [et_pb_line_break_holder] -->    <!-- [et_pb_line_break_holder] -->    \/* Animaci\u00f3n *\/<!-- [et_pb_line_break_holder] -->    animation: pulse-border 2s infinite;<!-- [et_pb_line_break_holder] -->    <!-- [et_pb_line_break_holder] -->    \/* Aseguramos que se muestre *\/<!-- [et_pb_line_break_holder] -->    display: block !important;<!-- [et_pb_line_break_holder] -->    opacity: 1 !important;<!-- [et_pb_line_break_holder] -->    visibility: visible !important;<!-- [et_pb_line_break_holder] -->  }<!-- [et_pb_line_break_holder] --><!-- [et_pb_line_break_holder] -->  .floating-buy-btn:hover {<!-- [et_pb_line_break_holder] -->    background-color: #ffcc00;<!-- [et_pb_line_break_holder] -->    transform: translateY(-3px) scale(1.05);<!-- [et_pb_line_break_holder] -->    box-shadow: 0 8px 20px rgba(0, 0, 0, 0.5);<!-- [et_pb_line_break_holder] -->    color: #1a1a1a; <!-- [et_pb_line_break_holder] -->  }<!-- [et_pb_line_break_holder] --><!-- [et_pb_line_break_holder] -->  @keyframes pulse-border {<!-- [et_pb_line_break_holder] -->    0% { box-shadow: 0 0 0 0 rgba(255, 230, 0, 0.7); }<!-- [et_pb_line_break_holder] -->    70% { box-shadow: 0 0 0 15px rgba(255, 230, 0, 0); }<!-- [et_pb_line_break_holder] -->    100% { box-shadow: 0 0 0 0 rgba(255, 230, 0, 0); }<!-- [et_pb_line_break_holder] -->  }<!-- [et_pb_line_break_holder] --><\/style>\n<p><!-- [et_pb_line_break_holder] --><!-- [et_pb_line_break_holder] --><a href=\"https:\/\/api.whatsapp.com\/send\/?phone=5493415630712&#038;text=%C2%A1Hola%21+Me+dirijo+desde+la+web%3A&#038;type=phone_number&#038;app_absent=0\" <!-- [et_pb_line_break_holder] -->   id=\u00bbjs-floating-btn\u00bb<!-- [et_pb_line_break_holder] -->   class=\u00bbfloating-buy-btn\u00bb <!-- [et_pb_line_break_holder] -->   target=\u00bb_blank\u00bb><!-- [et_pb_line_break_holder] -->   Comprar<!-- [et_pb_line_break_holder] --><\/a><!-- [et_pb_line_break_holder] --><!-- [et_pb_line_break_holder] --><script><!-- [et_pb_line_break_holder] -->document.addEventListener(\"DOMContentLoaded\", function() {<!-- [et_pb_line_break_holder] -->    var btn = document.getElementById('js-floating-btn');<!-- [et_pb_line_break_holder] -->    if (btn) {<!-- [et_pb_line_break_holder] -->        \/\/ Mueve el bot\u00f3n fuera de las filas\/columnas de Divi<!-- [et_pb_line_break_holder] -->        \/\/ y lo pega directamente al final del cuerpo de la p\u00e1gina (<body>)<!-- [et_pb_line_break_holder] -->        document.body.appendChild(btn);<!-- [et_pb_line_break_holder] -->    }<!-- [et_pb_line_break_holder] -->});<!-- [et_pb_line_break_holder] --><\/script>[\/et_pb_code][\/et_pb_column][\/et_pb_row][\/et_pb_section]<\/p>\n","protected":false},"excerpt":{"rendered":"<p>El alambre moleteado se refiere a un tipo de alambre (o pieza cil\u00edndrica) que tiene un patr\u00f3n de crestas o ranuras en su superficie, creado mediante un proceso llamado moleteado, que mejora el agarre y la fricci\u00f3n, siendo crucial en herramientas manuales, tornillos, y perfiles de construcci\u00f3n para evitar deslizamientos y facilitar la manipulaci\u00f3n, sin [&hellip;]<\/p>\n","protected":false},"author":1,"featured_media":0,"parent":0,"menu_order":0,"comment_status":"closed","ping_status":"closed","template":"","meta":{"_et_pb_use_builder":"on","_et_pb_old_content":"","_et_gb_content_width":"","footnotes":""},"class_list":["post-936","page","type-page","status-publish","hentry"],"_links":{"self":[{"href":"https:\/\/aceroschubut.com\/index.php\/wp-json\/wp\/v2\/pages\/936","targetHints":{"allow":["GET"]}}],"collection":[{"href":"https:\/\/aceroschubut.com\/index.php\/wp-json\/wp\/v2\/pages"}],"about":[{"href":"https:\/\/aceroschubut.com\/index.php\/wp-json\/wp\/v2\/types\/page"}],"author":[{"embeddable":true,"href":"https:\/\/aceroschubut.com\/index.php\/wp-json\/wp\/v2\/users\/1"}],"replies":[{"embeddable":true,"href":"https:\/\/aceroschubut.com\/index.php\/wp-json\/wp\/v2\/comments?post=936"}],"version-history":[{"count":9,"href":"https:\/\/aceroschubut.com\/index.php\/wp-json\/wp\/v2\/pages\/936\/revisions"}],"predecessor-version":[{"id":1035,"href":"https:\/\/aceroschubut.com\/index.php\/wp-json\/wp\/v2\/pages\/936\/revisions\/1035"}],"wp:attachment":[{"href":"https:\/\/aceroschubut.com\/index.php\/wp-json\/wp\/v2\/media?parent=936"}],"curies":[{"name":"wp","href":"https:\/\/api.w.org\/{rel}","templated":true}]}}