{"id":799,"date":"2025-10-22T11:42:45","date_gmt":"2025-10-22T11:42:45","guid":{"rendered":"https:\/\/aceroschubut.com\/?page_id=799"},"modified":"2026-01-07T13:48:10","modified_gmt":"2026-01-07T13:48:10","slug":"799-2","status":"publish","type":"page","link":"https:\/\/aceroschubut.com\/index.php\/799-2\/","title":{"rendered":"Cercos de Metal"},"content":{"rendered":"<p>[et_pb_section fb_built=\u00bb1&#8243; _builder_version=\u00bb4.27.4&#8243; _module_preset=\u00bbdefault\u00bb background_color=\u00bbgcid-9c853d44-d733-4c8c-bf60-4f04d3c65253&#8243; use_background_color_gradient=\u00bbon\u00bb background_color_gradient_direction=\u00bb164deg\u00bb background_color_gradient_stops=\u00bbgcid-body-color 0%|gcid-0839bb2f-cfc6-463b-b5fa-d8039626e0ed 100%\u00bb global_colors_info=\u00bb{%22gcid-body-color%22:%91%22background_color_gradient_stops%22%93,%22gcid-heading-color%22:%91%22background_color_gradient_stops%22%93,%22gcid-0839bb2f-cfc6-463b-b5fa-d8039626e0ed%22:%91%22background_color_gradient_stops%22%93,%22gcid-9c853d44-d733-4c8c-bf60-4f04d3c65253%22:%91%22background_color%22%93}\u00bb][et_pb_row _builder_version=\u00bb4.27.4&#8243; _module_preset=\u00bbdefault\u00bb global_colors_info=\u00bb{}\u00bb][et_pb_column type=\u00bb4_4&#8243; _builder_version=\u00bb4.27.4&#8243; _module_preset=\u00bbdefault\u00bb global_colors_info=\u00bb{}\u00bb][et_pb_heading title=\u00bbMETRAL\u00bb _builder_version=\u00bb4.27.4&#8243; _module_preset=\u00bbdefault\u00bb title_font=\u00bbunineue-heavy-italic||||||||\u00bb title_text_color=\u00bbgcid-a208cca2-c46d-46a9-80cb-d608cbac251b\u00bb title_font_size=\u00bb40px\u00bb custom_margin=\u00bb70px||||false|false\u00bb global_colors_info=\u00bb{%22gcid-a208cca2-c46d-46a9-80cb-d608cbac251b%22:%91%22title_text_color%22%93}\u00bb][\/et_pb_heading][et_pb_text _builder_version=\u00bb4.27.4&#8243; _module_preset=\u00bbdefault\u00bb text_font=\u00bb&#8211;et_global_heading_font||||||||\u00bb text_text_color=\u00bb#FFFFFF\u00bb text_font_size=\u00bb20px\u00bb header_font=\u00bb||||||||\u00bb global_colors_info=\u00bb{}\u00bb]<\/p>\n<p>Proteg\u00e9 tu espacio con un cerco perimetral de metal, la opci\u00f3n ideal para delimitar zonas como piletas o corrales. Fabricado en acero de alta calidad, ofrece m\u00e1xima resistencia y una durabilidad superior ante el uso y las condiciones del entorno.<\/p>\n<p>[\/et_pb_text][\/et_pb_column][\/et_pb_row][et_pb_row _builder_version=\u00bb4.27.4&#8243; _module_preset=\u00bbdefault\u00bb global_colors_info=\u00bb{}\u00bb][et_pb_column type=\u00bb4_4&#8243; _builder_version=\u00bb4.27.4&#8243; _module_preset=\u00bbdefault\u00bb global_colors_info=\u00bb{}\u00bb][et_pb_code _builder_version=\u00bb4.27.4&#8243; _module_preset=\u00bbdefault\u00bb global_colors_info=\u00bb{}\u00bb]<\/p>\n<style><!-- [et_pb_line_break_holder] -->\/* Estilos del Contenedor Principal *\/<!-- [et_pb_line_break_holder] -->.metral-container {<!-- [et_pb_line_break_holder] -->    display: flex;<!-- [et_pb_line_break_holder] -->    flex-wrap: wrap;<!-- [et_pb_line_break_holder] -->    padding: 30px;<!-- [et_pb_line_break_holder] -->    border-radius: 20px;<!-- [et_pb_line_break_holder] -->    gap: 30px;<!-- [et_pb_line_break_holder] -->    font-family: 'Roboto', 'Arial', sans-serif; \/* Fuente gen\u00e9rica limpia *\/<!-- [et_pb_line_break_holder] -->    align-items: flex-start;<!-- [et_pb_line_break_holder] -->    box-sizing: border-box;<!-- [et_pb_line_break_holder] -->}<!-- [et_pb_line_break_holder] --><!-- [et_pb_line_break_holder] -->\/* Columna de la Imagen *\/<!-- [et_pb_line_break_holder] -->.metral-image-col {<!-- [et_pb_line_break_holder] -->    flex: 1 1 400px; \/* Crece y encoge, base 400px *\/<!-- [et_pb_line_break_holder] -->    display: flex;<!-- [et_pb_line_break_holder] -->    align-items: center;<!-- [et_pb_line_break_holder] -->    justify-content: center;<!-- [et_pb_line_break_holder] -->}<!-- [et_pb_line_break_holder] --><!-- [et_pb_line_break_holder] -->.metral-image-col img {<!-- [et_pb_line_break_holder] -->    width: 100%;<!-- [et_pb_line_break_holder] -->    height: auto;<!-- [et_pb_line_break_holder] -->    border-radius: 15px;<!-- [et_pb_line_break_holder] -->    object-fit: cover;<!-- [et_pb_line_break_holder] -->    display: block;<!-- [et_pb_line_break_holder] -->    box-shadow: 0 4px 15px rgba(0,0,0,0.1);<!-- [et_pb_line_break_holder] -->}<!-- [et_pb_line_break_holder] --><!-- [et_pb_line_break_holder] -->\/* Columna de las Tarjetas de Info *\/<!-- [et_pb_line_break_holder] -->.metral-info-col {<!-- [et_pb_line_break_holder] -->    flex: 1 1 300px;<!-- [et_pb_line_break_holder] -->    display: flex;<!-- [et_pb_line_break_holder] -->    flex-direction: column;<!-- [et_pb_line_break_holder] -->    gap: 15px;<!-- [et_pb_line_break_holder] -->}<!-- [et_pb_line_break_holder] --><!-- [et_pb_line_break_holder] -->\/* Dise\u00f1o de cada Tarjeta *\/<!-- [et_pb_line_break_holder] -->.metral-card {<!-- [et_pb_line_break_holder] -->    background-color: rgba(255, 255, 255, 0.85); \/* Blanco semitransparente *\/<!-- [et_pb_line_break_holder] -->    padding: 20px;<!-- [et_pb_line_break_holder] -->    border-radius: 15px;<!-- [et_pb_line_break_holder] -->    box-shadow: 0 4px 10px rgba(0,0,0,0.05);<!-- [et_pb_line_break_holder] -->    border: 1px solid rgba(255,255,255,0.5);<!-- [et_pb_line_break_holder] -->    transition: transform 0.2s ease;<!-- [et_pb_line_break_holder] -->}<!-- [et_pb_line_break_holder] --><!-- [et_pb_line_break_holder] -->.metral-card:hover {<!-- [et_pb_line_break_holder] -->    transform: translateY(-2px);<!-- [et_pb_line_break_holder] -->}<!-- [et_pb_line_break_holder] --><!-- [et_pb_line_break_holder] -->\/* Etiqueta SKU *\/<!-- [et_pb_line_break_holder] -->.sku-tag {<!-- [et_pb_line_break_holder] -->    display: inline-block;<!-- [et_pb_line_break_holder] -->    background-color: #d1d1d1;<!-- [et_pb_line_break_holder] -->    color: #444;<!-- [et_pb_line_break_holder] -->    font-size: 0.75rem;<!-- [et_pb_line_break_holder] -->    padding: 3px 8px;<!-- [et_pb_line_break_holder] -->    border-radius: 6px;<!-- [et_pb_line_break_holder] -->    font-weight: 600;<!-- [et_pb_line_break_holder] -->    margin-bottom: 8px;<!-- [et_pb_line_break_holder] -->    text-transform: uppercase;<!-- [et_pb_line_break_holder] -->}<!-- [et_pb_line_break_holder] --><!-- [et_pb_line_break_holder] -->\/* T\u00edtulos *\/<!-- [et_pb_line_break_holder] -->.metral-title {<!-- [et_pb_line_break_holder] -->    font-size: 1.1rem;<!-- [et_pb_line_break_holder] -->    font-weight: 800;<!-- [et_pb_line_break_holder] -->    color: #222;<!-- [et_pb_line_break_holder] -->    margin: 0 0 10px 0;<!-- [et_pb_line_break_holder] -->    line-height: 1.2;<!-- [et_pb_line_break_holder] -->    text-transform: uppercase;<!-- [et_pb_line_break_holder] -->}<!-- [et_pb_line_break_holder] --><!-- [et_pb_line_break_holder] -->.metral-title span {<!-- [et_pb_line_break_holder] -->    font-weight: 400; \/* Para la parte del texto que no es negrita si fuera necesario *\/<!-- [et_pb_line_break_holder] -->    color: #555;<!-- [et_pb_line_break_holder] -->}<!-- [et_pb_line_break_holder] --><!-- [et_pb_line_break_holder] -->\/* Texto y Listas *\/<!-- [et_pb_line_break_holder] -->.metral-content {<!-- [et_pb_line_break_holder] -->    font-size: 0.9rem;<!-- [et_pb_line_break_holder] -->    color: #444;<!-- [et_pb_line_break_holder] -->    line-height: 1.5;<!-- [et_pb_line_break_holder] -->    margin: 0;<!-- [et_pb_line_break_holder] -->}<!-- [et_pb_line_break_holder] --><!-- [et_pb_line_break_holder] -->.metral-content ul {<!-- [et_pb_line_break_holder] -->    margin: 0;<!-- [et_pb_line_break_holder] -->    padding-left: 15px;<!-- [et_pb_line_break_holder] -->    list-style-type: none; \/* Quitamos vi\u00f1etas por defecto *\/<!-- [et_pb_line_break_holder] -->}<!-- [et_pb_line_break_holder] --><!-- [et_pb_line_break_holder] -->.metral-content li {<!-- [et_pb_line_break_holder] -->    position: relative;<!-- [et_pb_line_break_holder] -->    margin-bottom: 4px;<!-- [et_pb_line_break_holder] -->}<!-- [et_pb_line_break_holder] --><!-- [et_pb_line_break_holder] -->\/* Estilos para textos espec\u00edficos como negritas dentro del p\u00e1rrafo *\/<!-- [et_pb_line_break_holder] -->.metral-content strong {<!-- [et_pb_line_break_holder] -->    color: #000;<!-- [et_pb_line_break_holder] -->    font-weight: 700;<!-- [et_pb_line_break_holder] -->}<!-- [et_pb_line_break_holder] --><!-- [et_pb_line_break_holder] -->\/* Ajuste Responsivo para m\u00f3viles *\/<!-- [et_pb_line_break_holder] -->@media (max-width: 768px) {<!-- [et_pb_line_break_holder] -->    .metral-container {<!-- [et_pb_line_break_holder] -->        padding: 15px;<!-- [et_pb_line_break_holder] -->        flex-direction: column;<!-- [et_pb_line_break_holder] -->    }<!-- [et_pb_line_break_holder] -->    <!-- [et_pb_line_break_holder] -->    .metral-image-col, .metral-info-col {<!-- [et_pb_line_break_holder] -->        width: 100%;<!-- [et_pb_line_break_holder] -->        flex: 1 1 auto;<!-- [et_pb_line_break_holder] -->    }<!-- [et_pb_line_break_holder] -->}<!-- [et_pb_line_break_holder] --><\/style>\n<p><!-- [et_pb_line_break_holder] --><!-- [et_pb_line_break_holder] --><\/p>\n<div class=\"metral-container\"><!-- [et_pb_line_break_holder] -->    <!-- [et_pb_line_break_holder] -->    <\/p>\n<div class=\"metral-image-col\"><!-- [et_pb_line_break_holder] -->        <img decoding=\"async\" src=\"https:\/\/aceroschubut.com\/wp-content\/uploads\/2025\/07\/cercos.png\" alt=\"Cercos Metral\"><!-- [et_pb_line_break_holder] -->    <\/div>\n<p><!-- [et_pb_line_break_holder] --><!-- [et_pb_line_break_holder] -->    <\/p>\n<div class=\"metral-info-col\"><!-- [et_pb_line_break_holder] -->        <!-- [et_pb_line_break_holder] -->        <\/p>\n<div class=\"metral-card\"><!-- [et_pb_line_break_holder] -->            <span class=\"sku-tag\">SKU 1118<\/span><!-- [et_pb_line_break_holder] -->            <\/p>\n<h3 class=\"metral-title\">METRAL COLUMNA CON ACCESORIOS<\/h3>\n<p><!-- [et_pb_line_break_holder] -->            <\/p>\n<div class=\"metral-content\"><!-- [et_pb_line_break_holder] -->                Contiene:<!\u2013- [et_pb_br_holder] -\u2013><!-- [et_pb_line_break_holder] -->                \u2022 <strong>Abrazaderas<\/strong> de puerta y contrapuerta.<!\u2013- [et_pb_br_holder] -\u2013><!-- [et_pb_line_break_holder] -->                \u2022 <strong>Tornillos<\/strong> para amarrar.<!\u2013- [et_pb_br_holder] -\u2013><!-- [et_pb_line_break_holder] -->                \u2022 <strong>Disco<\/strong> de 19cm soldado a 20cm de un extremo, con 3 orificios<!-- [et_pb_line_break_holder] -->            <\/div>\n<p><!-- [et_pb_line_break_holder] -->        <\/div>\n<p><!-- [et_pb_line_break_holder] --><!-- [et_pb_line_break_holder] -->        <\/p>\n<div class=\"metral-card\"><!-- [et_pb_line_break_holder] -->            <span class=\"sku-tag\">SKU 1119<\/span><!-- [et_pb_line_break_holder] -->            <\/p>\n<h3 class=\"metral-title\">METRAL PANEL LARGO <span style=\"font-weight:400; font-size: 0.9em;\">DE 1459MM<\/span><\/h3>\n<p><!-- [et_pb_line_break_holder] -->            <\/p>\n<div class=\"metral-content\"><!-- [et_pb_line_break_holder] -->                \u2022 <strong>Medidas:<\/strong> 90cm largo x 149,5 ancho x 5mm espesor.<!\u2013- [et_pb_br_holder] -\u2013><!-- [et_pb_line_break_holder] -->                \u2022 <strong>Peso:<\/strong> 4.77kg aproximado.<!\u2013- [et_pb_br_holder] -\u2013><!-- [et_pb_line_break_holder] -->                \u2022 Se comercia por unidad.<!-- [et_pb_line_break_holder] -->            <\/div>\n<p><!-- [et_pb_line_break_holder] -->        <\/div>\n<p><!-- [et_pb_line_break_holder] --><!-- [et_pb_line_break_holder] -->        <\/p>\n<div class=\"metral-card\"><!-- [et_pb_line_break_holder] -->            <span class=\"sku-tag\">SKU 1686<\/span><!-- [et_pb_line_break_holder] -->            <\/p>\n<h3 class=\"metral-title\">METRAL PUERTA <span style=\"font-weight:400; font-size: 0.9em;\">DE 670MM<\/span><\/h3>\n<p><!-- [et_pb_line_break_holder] -->            <\/p>\n<div class=\"metral-content\"><!-- [et_pb_line_break_holder] -->                \u2022 <strong>Con Bisagra<\/strong><!-- [et_pb_line_break_holder] -->            <\/div>\n<p><!-- [et_pb_line_break_holder] -->        <\/div>\n<p><!-- [et_pb_line_break_holder] --><!-- [et_pb_line_break_holder] -->        <\/p>\n<div class=\"metral-card\"><!-- [et_pb_line_break_holder] -->            <span class=\"sku-tag\">SKU 1174<\/span><!-- [et_pb_line_break_holder] -->            <\/p>\n<h3 class=\"metral-title\">METRAL PANEL CORTO <span style=\"font-weight:400; font-size: 0.9em;\">DE 670MM<\/span><\/h3>\n<p><!-- [et_pb_line_break_holder] -->            <\/p>\n<div class=\"metral-content\"><!-- [et_pb_line_break_holder] -->                \u2022 <strong>Medidas:<\/strong> 90cm largo x 67cm ancho x 5mm espesor.<!\u2013- [et_pb_br_holder] -\u2013><!-- [et_pb_line_break_holder] -->                \u2022 <strong>Sin Bisagra<\/strong><!-- [et_pb_line_break_holder] -->            <\/div>\n<p><!-- [et_pb_line_break_holder] -->        <\/div>\n<p><!-- [et_pb_line_break_holder] --><!-- [et_pb_line_break_holder] -->    <\/div>\n<p><!-- [et_pb_line_break_holder] --><\/div>\n<p>[\/et_pb_code][\/et_pb_column][\/et_pb_row][et_pb_row _builder_version=\u00bb4.27.4&#8243; _module_preset=\u00bbdefault\u00bb hover_enabled=\u00bb0&#8243; global_colors_info=\u00bb{}\u00bb sticky_enabled=\u00bb0&#8243;][et_pb_column type=\u00bb4_4&#8243; _builder_version=\u00bb4.27.4&#8243; _module_preset=\u00bbdefault\u00bb global_colors_info=\u00bb{}\u00bb][et_pb_code _builder_version=\u00bb4.27.4&#8243; _module_preset=\u00bbdefault\u00bb hover_enabled=\u00bb0&#8243; global_colors_info=\u00bb{}\u00bb sticky_enabled=\u00bb0&#8243;]<\/p>\n<style><!-- [et_pb_line_break_holder] -->  .floating-buy-btn {<!-- [et_pb_line_break_holder] -->    position: fixed; \/* Fijo en la pantalla *\/<!-- [et_pb_line_break_holder] -->    bottom: 25px;<!-- [et_pb_line_break_holder] -->    right: 25px;<!-- [et_pb_line_break_holder] -->    z-index: 99999999 !important; \/* Ahora s\u00ed funcionar\u00e1 *\/<!-- [et_pb_line_break_holder] -->    <!-- [et_pb_line_break_holder] -->    background-color: #ffe600; <!-- [et_pb_line_break_holder] -->    color: #1a1a1a;            <!-- [et_pb_line_break_holder] -->    font-family: 'Archivo', sans-serif;<!-- [et_pb_line_break_holder] -->    font-weight: 700;<!-- [et_pb_line_break_holder] -->    text-transform: uppercase;<!-- [et_pb_line_break_holder] -->    font-size: 16px;<!-- [et_pb_line_break_holder] -->    <!-- [et_pb_line_break_holder] -->    padding: 15px 30px;<!-- [et_pb_line_break_holder] -->    border-radius: 8px;<!-- [et_pb_line_break_holder] -->    text-decoration: none;<!-- [et_pb_line_break_holder] -->    <!-- [et_pb_line_break_holder] -->    box-shadow: 0 4px 15px rgba(0, 0, 0, 0.4);<!-- [et_pb_line_break_holder] -->    transition: all 0.3s ease;<!-- [et_pb_line_break_holder] -->    <!-- [et_pb_line_break_holder] -->    \/* Animaci\u00f3n *\/<!-- [et_pb_line_break_holder] -->    animation: pulse-border 2s infinite;<!-- [et_pb_line_break_holder] -->    <!-- [et_pb_line_break_holder] -->    \/* Aseguramos que se muestre *\/<!-- [et_pb_line_break_holder] -->    display: block !important;<!-- [et_pb_line_break_holder] -->    opacity: 1 !important;<!-- [et_pb_line_break_holder] -->    visibility: visible !important;<!-- [et_pb_line_break_holder] -->  }<!-- [et_pb_line_break_holder] --><!-- [et_pb_line_break_holder] -->  .floating-buy-btn:hover {<!-- [et_pb_line_break_holder] -->    background-color: #ffcc00;<!-- [et_pb_line_break_holder] -->    transform: translateY(-3px) scale(1.05);<!-- [et_pb_line_break_holder] -->    box-shadow: 0 8px 20px rgba(0, 0, 0, 0.5);<!-- [et_pb_line_break_holder] -->    color: #1a1a1a; <!-- [et_pb_line_break_holder] -->  }<!-- [et_pb_line_break_holder] --><!-- [et_pb_line_break_holder] -->  @keyframes pulse-border {<!-- [et_pb_line_break_holder] -->    0% { box-shadow: 0 0 0 0 rgba(255, 230, 0, 0.7); }<!-- [et_pb_line_break_holder] -->    70% { box-shadow: 0 0 0 15px rgba(255, 230, 0, 0); }<!-- [et_pb_line_break_holder] -->    100% { box-shadow: 0 0 0 0 rgba(255, 230, 0, 0); }<!-- [et_pb_line_break_holder] -->  }<!-- [et_pb_line_break_holder] --><\/style>\n<p><!-- [et_pb_line_break_holder] --><!-- [et_pb_line_break_holder] --><a href=\"https:\/\/api.whatsapp.com\/send\/?phone=5493415630712&#038;text=%C2%A1Hola%21+Me+dirijo+desde+la+web%3A&#038;type=phone_number&#038;app_absent=0\" <!-- [et_pb_line_break_holder] -->   id=\u00bbjs-floating-btn\u00bb<!-- [et_pb_line_break_holder] -->   class=\u00bbfloating-buy-btn\u00bb <!-- [et_pb_line_break_holder] -->   target=\u00bb_blank\u00bb><!-- [et_pb_line_break_holder] -->   Comprar<!-- [et_pb_line_break_holder] --><\/a><!-- [et_pb_line_break_holder] --><!-- [et_pb_line_break_holder] --><script><!-- [et_pb_line_break_holder] -->document.addEventListener(\"DOMContentLoaded\", function() {<!-- [et_pb_line_break_holder] -->    var btn = document.getElementById('js-floating-btn');<!-- [et_pb_line_break_holder] -->    if (btn) {<!-- [et_pb_line_break_holder] -->        \/\/ Mueve el bot\u00f3n fuera de las filas\/columnas de Divi<!-- [et_pb_line_break_holder] -->        \/\/ y lo pega directamente al final del cuerpo de la p\u00e1gina (<body>)<!-- [et_pb_line_break_holder] -->        document.body.appendChild(btn);<!-- [et_pb_line_break_holder] -->    }<!-- [et_pb_line_break_holder] -->});<!-- [et_pb_line_break_holder] --><\/script>[\/et_pb_code][\/et_pb_column][\/et_pb_row][\/et_pb_section]<\/p>\n","protected":false},"excerpt":{"rendered":"<p>Proteg\u00e9 tu espacio con un cerco perimetral de metal, la opci\u00f3n ideal para delimitar zonas como piletas o corrales. Fabricado en acero de alta calidad, ofrece m\u00e1xima resistencia y una durabilidad superior ante el uso y las condiciones del entorno.<\/p>\n","protected":false},"author":1,"featured_media":0,"parent":0,"menu_order":0,"comment_status":"closed","ping_status":"closed","template":"","meta":{"_et_pb_use_builder":"on","_et_pb_old_content":"","_et_gb_content_width":"","footnotes":""},"class_list":["post-799","page","type-page","status-publish","hentry"],"_links":{"self":[{"href":"https:\/\/aceroschubut.com\/index.php\/wp-json\/wp\/v2\/pages\/799","targetHints":{"allow":["GET"]}}],"collection":[{"href":"https:\/\/aceroschubut.com\/index.php\/wp-json\/wp\/v2\/pages"}],"about":[{"href":"https:\/\/aceroschubut.com\/index.php\/wp-json\/wp\/v2\/types\/page"}],"author":[{"embeddable":true,"href":"https:\/\/aceroschubut.com\/index.php\/wp-json\/wp\/v2\/users\/1"}],"replies":[{"embeddable":true,"href":"https:\/\/aceroschubut.com\/index.php\/wp-json\/wp\/v2\/comments?post=799"}],"version-history":[{"count":13,"href":"https:\/\/aceroschubut.com\/index.php\/wp-json\/wp\/v2\/pages\/799\/revisions"}],"predecessor-version":[{"id":994,"href":"https:\/\/aceroschubut.com\/index.php\/wp-json\/wp\/v2\/pages\/799\/revisions\/994"}],"wp:attachment":[{"href":"https:\/\/aceroschubut.com\/index.php\/wp-json\/wp\/v2\/media?parent=799"}],"curies":[{"name":"wp","href":"https:\/\/api.w.org\/{rel}","templated":true}]}}