{"id":698,"date":"2025-10-21T12:48:34","date_gmt":"2025-10-21T12:48:34","guid":{"rendered":"https:\/\/aceroschubut.com\/?page_id=698"},"modified":"2026-01-15T06:37:53","modified_gmt":"2026-01-15T06:37:53","slug":"698-2","status":"publish","type":"page","link":"https:\/\/aceroschubut.com\/index.php\/698-2\/","title":{"rendered":"Galvanizados"},"content":{"rendered":"<p>[et_pb_section fb_built=\u00bb1&#8243; _builder_version=\u00bb4.27.4&#8243; _module_preset=\u00bbdefault\u00bb use_background_color_gradient=\u00bbon\u00bb background_color_gradient_direction=\u00bb164deg\u00bb background_color_gradient_stops=\u00bbgcid-body-color 0%|gcid-0839bb2f-cfc6-463b-b5fa-d8039626e0ed 100%\u00bb global_colors_info=\u00bb{%22gcid-body-color%22:%91%22background_color_gradient_stops%22%93,%22gcid-heading-color%22:%91%22background_color_gradient_stops%22%93,%22gcid-0839bb2f-cfc6-463b-b5fa-d8039626e0ed%22:%91%22background_color_gradient_stops%22%93}\u00bb][et_pb_row _builder_version=\u00bb4.27.4&#8243; _module_preset=\u00bbdefault\u00bb global_colors_info=\u00bb{}\u00bb][et_pb_column type=\u00bb4_4&#8243; _builder_version=\u00bb4.27.4&#8243; _module_preset=\u00bbdefault\u00bb global_colors_info=\u00bb{}\u00bb][et_pb_heading title=\u00bb GALVANIZADOS\u00bb _builder_version=\u00bb4.27.4&#8243; _module_preset=\u00bbdefault\u00bb title_font=\u00bbunineue-heavy-italic||||||||\u00bb title_text_color=\u00bbgcid-a208cca2-c46d-46a9-80cb-d608cbac251b\u00bb title_font_size=\u00bb40px\u00bb custom_margin=\u00bb70px||||false|false\u00bb global_colors_info=\u00bb{%22gcid-a208cca2-c46d-46a9-80cb-d608cbac251b%22:%91%22title_text_color%22%93}\u00bb][\/et_pb_heading][et_pb_text _builder_version=\u00bb4.27.4&#8243; _module_preset=\u00bbdefault\u00bb text_font=\u00bb&#8211;et_global_heading_font||||||||\u00bb text_text_color=\u00bb#FFFFFF\u00bb text_font_size=\u00bb20px\u00bb header_font=\u00bb||||||||\u00bb global_colors_info=\u00bb{}\u00bb]<\/p>\n<p>Hilo de acero recubierto con zinc para protegerlo de la oxidaci\u00f3n y corrosi\u00f3n.<br \/>Resistente y maleable, usado en construcci\u00f3n, agricultura e industrias.<\/p>\n<p>[\/et_pb_text][\/et_pb_column][\/et_pb_row][et_pb_row _builder_version=\u00bb4.27.4&#8243; _module_preset=\u00bbdefault\u00bb global_colors_info=\u00bb{}\u00bb][et_pb_column type=\u00bb4_4&#8243; _builder_version=\u00bb4.27.4&#8243; _module_preset=\u00bbdefault\u00bb global_colors_info=\u00bb{}\u00bb][et_pb_code _builder_version=\u00bb4.27.4&#8243; _module_preset=\u00bbdefault\u00bb hover_enabled=\u00bb0&#8243; global_colors_info=\u00bb{}\u00bb sticky_enabled=\u00bb0&#8243;]<link rel=\"preconnect\" href=\"https:\/\/fonts.googleapis.com\"><!-- [et_pb_line_break_holder] --><link rel=\"preconnect\" href=\"https:\/\/fonts.gstatic.com\" crossorigin><!-- [et_pb_line_break_holder] --><link href=\"https:\/\/fonts.googleapis.com\/css2?family=Archivo:wght@400;700;800&#038;display=swap\" rel=\"stylesheet\"><!-- [et_pb_line_break_holder] --><!-- [et_pb_line_break_holder] --><\/p>\n<style><!-- [et_pb_line_break_holder] -->    \/* Contenedor Principal en Grilla *\/<!-- [et_pb_line_break_holder] -->    .wire-grid-container {<!-- [et_pb_line_break_holder] -->        display: grid;<!-- [et_pb_line_break_holder] -->        grid-template-columns: 1fr 1fr; \/* 2 columnas iguales *\/<!-- [et_pb_line_break_holder] -->        gap: 30px;<!-- [et_pb_line_break_holder] -->        padding: 20px 0;<!-- [et_pb_line_break_holder] -->        font-family: 'Archivo', sans-serif;<!-- [et_pb_line_break_holder] -->        box-sizing: border-box;<!-- [et_pb_line_break_holder] -->    }<!-- [et_pb_line_break_holder] --><!-- [et_pb_line_break_holder] -->    \/* Estilos Generales de la Tarjeta *\/<!-- [et_pb_line_break_holder] -->    .wire-item {<!-- [et_pb_line_break_holder] -->        display: flex;<!-- [et_pb_line_break_holder] -->        background-color: #e0e0e0; \/* Gris de fondo *\/<!-- [et_pb_line_break_holder] -->        border-radius: 20px;<!-- [et_pb_line_break_holder] -->        overflow: hidden;<!-- [et_pb_line_break_holder] -->        min-height: 350px;<!-- [et_pb_line_break_holder] -->        box-shadow: 0 4px 10px rgba(0,0,0,0.05);<!-- [et_pb_line_break_holder] -->    }<!-- [et_pb_line_break_holder] --><!-- [et_pb_line_break_holder] -->    \/* Mitad de Texto *\/<!-- [et_pb_line_break_holder] -->    .wire-text-content {<!-- [et_pb_line_break_holder] -->        flex: 1;<!-- [et_pb_line_break_holder] -->        padding: 25px;<!-- [et_pb_line_break_holder] -->        display: flex;<!-- [et_pb_line_break_holder] -->        flex-direction: column;<!-- [et_pb_line_break_holder] -->        justify-content: flex-start;<!-- [et_pb_line_break_holder] -->        font-size: 0.85rem;<!-- [et_pb_line_break_holder] -->        color: #333;<!-- [et_pb_line_break_holder] -->        line-height: 1.4;<!-- [et_pb_line_break_holder] -->    }<!-- [et_pb_line_break_holder] --><!-- [et_pb_line_break_holder] -->    \/* Mitad de Imagen *\/<!-- [et_pb_line_break_holder] -->    .wire-img-content {<!-- [et_pb_line_break_holder] -->        flex: 1;<!-- [et_pb_line_break_holder] -->        position: relative;<!-- [et_pb_line_break_holder] -->        overflow: hidden;<!-- [et_pb_line_break_holder] -->    }<!-- [et_pb_line_break_holder] --><!-- [et_pb_line_break_holder] -->    .wire-img-content img {<!-- [et_pb_line_break_holder] -->        width: 100%;<!-- [et_pb_line_break_holder] -->        height: 100%;<!-- [et_pb_line_break_holder] -->        object-fit: cover;<!-- [et_pb_line_break_holder] -->        display: block;<!-- [et_pb_line_break_holder] -->    }<!-- [et_pb_line_break_holder] --><!-- [et_pb_line_break_holder] -->    \/* Etiqueta Superior (Pill) *\/<!-- [et_pb_line_break_holder] -->    .wire-header-tag {<!-- [et_pb_line_break_holder] -->        background-color: #bfbfbf;<!-- [et_pb_line_break_holder] -->        color: #000;<!-- [et_pb_line_break_holder] -->        font-weight: 800;<!-- [et_pb_line_break_holder] -->        text-transform: uppercase;<!-- [et_pb_line_break_holder] -->        padding: 5px 12px;<!-- [et_pb_line_break_holder] -->        border-radius: 4px;<!-- [et_pb_line_break_holder] -->        display: inline-block;<!-- [et_pb_line_break_holder] -->        margin-bottom: 15px;<!-- [et_pb_line_break_holder] -->        font-size: 0.8rem;<!-- [et_pb_line_break_holder] -->        align-self: flex-start;<!-- [et_pb_line_break_holder] -->    }<!-- [et_pb_line_break_holder] --><!-- [et_pb_line_break_holder] -->    \/* T\u00edtulos y Negritas *\/<!-- [et_pb_line_break_holder] -->    .wire-text-content strong {<!-- [et_pb_line_break_holder] -->        font-weight: 800;<!-- [et_pb_line_break_holder] -->        color: #000;<!-- [et_pb_line_break_holder] -->        display: block;<!-- [et_pb_line_break_holder] -->        margin-top: 8px;<!-- [et_pb_line_break_holder] -->        text-transform: uppercase;<!-- [et_pb_line_break_holder] -->    }<!-- [et_pb_line_break_holder] -->    <!-- [et_pb_line_break_holder] -->    .wire-text-content ul {<!-- [et_pb_line_break_holder] -->        margin: 0;<!-- [et_pb_line_break_holder] -->        padding: 0;<!-- [et_pb_line_break_holder] -->        list-style: none;<!-- [et_pb_line_break_holder] -->    }<!-- [et_pb_line_break_holder] --><!-- [et_pb_line_break_holder] -->    \/* --- LOGICA DE ALTERNANCIA --- *\/<!-- [et_pb_line_break_holder] -->    \/* Items impares (1, 3, 5): Texto Izq | Imagen Der *\/<!-- [et_pb_line_break_holder] -->    .wire-item {<!-- [et_pb_line_break_holder] -->        flex-direction: row; <!-- [et_pb_line_break_holder] -->    }<!-- [et_pb_line_break_holder] --><!-- [et_pb_line_break_holder] -->    \/* Items pares (2, 4, 6): Imagen Izq | Texto Der *\/<!-- [et_pb_line_break_holder] -->    .wire-item.reverse-layout {<!-- [et_pb_line_break_holder] -->        flex-direction: row-reverse;<!-- [et_pb_line_break_holder] -->        background-color: #e0e0e0;<!-- [et_pb_line_break_holder] -->    }<!-- [et_pb_line_break_holder] --><!-- [et_pb_line_break_holder] -->    \/* RESPONSIVE: M\u00d3VIL *\/<!-- [et_pb_line_break_holder] -->    @media (max-width: 980px) {<!-- [et_pb_line_break_holder] -->        .wire-grid-container {<!-- [et_pb_line_break_holder] -->            grid-template-columns: 1fr;<!-- [et_pb_line_break_holder] -->        }<!-- [et_pb_line_break_holder] -->        <!-- [et_pb_line_break_holder] -->        .wire-item, .wire-item.reverse-layout {<!-- [et_pb_line_break_holder] -->            flex-direction: column-reverse;<!-- [et_pb_line_break_holder] -->            height: auto;<!-- [et_pb_line_break_holder] -->        }<!-- [et_pb_line_break_holder] --><!-- [et_pb_line_break_holder] -->        .wire-img-content {<!-- [et_pb_line_break_holder] -->            height: 250px;<!-- [et_pb_line_break_holder] -->        }<!-- [et_pb_line_break_holder] -->    }<!-- [et_pb_line_break_holder] --><\/style>\n<p><!-- [et_pb_line_break_holder] --><!-- [et_pb_line_break_holder] --><\/p>\n<div class=\"wire-grid-container\"><!-- [et_pb_line_break_holder] --><!-- [et_pb_line_break_holder] -->    <\/p>\n<div class=\"wire-item\"><!-- [et_pb_line_break_holder] -->        <\/p>\n<div class=\"wire-text-content\"><!-- [et_pb_line_break_holder] -->            <span class=\"wire-header-tag\">EN ROLLO<\/span><!-- [et_pb_line_break_holder] -->            <\/p>\n<div><!-- [et_pb_line_break_holder] -->                Hilo de acero recubierto con zinc para protegerlo de la oxidaci\u00f3n y corrosi\u00f3n.<!-- [et_pb_line_break_holder] -->                <!\u2013- [et_pb_br_holder] -\u2013><!-- [et_pb_line_break_holder] -->                <strong>CALIDAD:<\/strong> Acindar<!-- [et_pb_line_break_holder] -->                <strong>DI\u00c1METROS:<\/strong> Desde 1.60 mm hasta 5.38 mm<!-- [et_pb_line_break_holder] -->                <strong>TOLERANCIA:<\/strong> Est\u00e1ndar +0,03 \/ -0,03<!-- [et_pb_line_break_holder] -->                <strong>ACONDICIONADO:<\/strong><!-- [et_pb_line_break_holder] -->                <\/p>\n<ul><!-- [et_pb_line_break_holder] -->                    <\/p>\n<li>\u00b7 Rollos de 60 kg<\/li>\n<p><!-- [et_pb_line_break_holder] -->                    <\/p>\n<li>\u00b7 Rollos de 250 kg<\/li>\n<p><!-- [et_pb_line_break_holder] -->                    <\/p>\n<li>\u00b7 Bobina de 900 kg<\/li>\n<p><!-- [et_pb_line_break_holder] -->                <\/ul>\n<p><!-- [et_pb_line_break_holder] -->            <\/div>\n<p><!-- [et_pb_line_break_holder] -->        <\/div>\n<p><!-- [et_pb_line_break_holder] -->        <\/p>\n<div class=\"wire-img-content\"><!-- [et_pb_line_break_holder] -->            <img decoding=\"async\" src=\"https:\/\/aceroschubut.com\/wp-content\/uploads\/2025\/12\/G1.png\" alt=\"Galvanizado en Rollo\"><!-- [et_pb_line_break_holder] -->        <\/div>\n<p><!-- [et_pb_line_break_holder] -->    <\/div>\n<p><!-- [et_pb_line_break_holder] --><!-- [et_pb_line_break_holder] -->    <\/p>\n<div class=\"wire-item reverse-layout\"><!-- [et_pb_line_break_holder] -->        <\/p>\n<div class=\"wire-text-content\"><!-- [et_pb_line_break_holder] -->            <span class=\"wire-header-tag\">ENDEREZADO<\/span><!-- [et_pb_line_break_holder] -->            <\/p>\n<div><!-- [et_pb_line_break_holder] -->                <strong>DI\u00c1METRO:<\/strong> Desde 1.93 mm hasta 6.38 mm<!-- [et_pb_line_break_holder] -->                <strong>TOLERANCIA \u00d8:<\/strong> 0.05mm \/ -0.05mm<!-- [et_pb_line_break_holder] -->                <strong>LONGITUD:<\/strong> Desde 100 mm hasta 4000 mm<!-- [et_pb_line_break_holder] -->                <strong>TOLERANCIA LARGO:<\/strong> +1mm \/ -1mm<!-- [et_pb_line_break_holder] -->                <strong>CONDICI\u00d3N DE VENTA:<\/strong> Requerimientos del cliente. M\u00ednimo 10kg por longitud.<!-- [et_pb_line_break_holder] -->            <\/div>\n<p><!-- [et_pb_line_break_holder] -->        <\/div>\n<p><!-- [et_pb_line_break_holder] -->        <\/p>\n<div class=\"wire-img-content\"><!-- [et_pb_line_break_holder] -->            <img decoding=\"async\" src=\"https:\/\/aceroschubut.com\/wp-content\/uploads\/2025\/12\/G2.png\" alt=\"Galvanizado Enderezado\"><!-- [et_pb_line_break_holder] -->        <\/div>\n<p><!-- [et_pb_line_break_holder] -->    <\/div>\n<p><!-- [et_pb_line_break_holder] --><!-- [et_pb_line_break_holder] -->    <\/p>\n<div class=\"wire-item\"><!-- [et_pb_line_break_holder] -->        <\/p>\n<div class=\"wire-text-content\"><!-- [et_pb_line_break_holder] -->            <span class=\"wire-header-tag\" style=\"line-height:1.2;\">FRACCIONADOS EN CARRETEL PL\u00c1STICO<\/span><!-- [et_pb_line_break_holder] -->            <\/p>\n<div><!-- [et_pb_line_break_holder] -->                <strong>MEDIDAS:<\/strong> \u00d8 1.63mm y \u00d8 2.03 mm<!-- [et_pb_line_break_holder] -->                <strong>RECUBRIMIENTO ZINC:<\/strong> 30\/40 grs\/mm\u00b2<!-- [et_pb_line_break_holder] -->                <strong>PACK POR 10 KG:<\/strong> Contiene 10 rollos de 1 kg cada uno.<!-- [et_pb_line_break_holder] -->                <strong>PALLET:<\/strong> 108 unidades (1080 kg neto).<!-- [et_pb_line_break_holder] -->                <strong>DIMENSIONES PACK:<\/strong> 290 mm x 180 mm.<!-- [et_pb_line_break_holder] -->            <\/div>\n<p><!-- [et_pb_line_break_holder] -->        <\/div>\n<p><!-- [et_pb_line_break_holder] -->        <\/p>\n<div class=\"wire-img-content\"><!-- [et_pb_line_break_holder] -->            <img decoding=\"async\" src=\"https:\/\/aceroschubut.com\/wp-content\/uploads\/2026\/01\/ACEROS.png\" alt=\"Carretel Pl\u00e1stico\"><!-- [et_pb_line_break_holder] -->        <\/div>\n<p><!-- [et_pb_line_break_holder] -->    <\/div>\n<p><!-- [et_pb_line_break_holder] --><!-- [et_pb_line_break_holder] -->    <\/p>\n<div class=\"wire-item reverse-layout\"><!-- [et_pb_line_break_holder] -->        <\/p>\n<div class=\"wire-text-content\"><!-- [et_pb_line_break_holder] -->            <span class=\"wire-header-tag\">IMPORTADOS FINOS<\/span><!-- [et_pb_line_break_holder] -->            <\/p>\n<div><!-- [et_pb_line_break_holder] -->                <strong>DI\u00c1METROS:<\/strong> Desde 0,70 mm hasta 1,40 mm<!-- [et_pb_line_break_holder] -->                <strong>TOLERANCIA:<\/strong> Est\u00e1ndar +0,02 \/ -0,03<!-- [et_pb_line_break_holder] -->                <strong>ACONDICIONADO:<\/strong><!-- [et_pb_line_break_holder] -->                <\/p>\n<ul><!-- [et_pb_line_break_holder] -->                    <\/p>\n<li>\u00b7 Rollos de 25 kg<\/li>\n<p><!-- [et_pb_line_break_holder] -->                <\/ul>\n<p><!-- [et_pb_line_break_holder] -->            <\/div>\n<p><!-- [et_pb_line_break_holder] -->        <\/div>\n<p><!-- [et_pb_line_break_holder] -->        <\/p>\n<div class=\"wire-img-content\"><!-- [et_pb_line_break_holder] -->            <img decoding=\"async\" src=\"https:\/\/aceroschubut.com\/wp-content\/uploads\/2025\/12\/G4.png\" alt=\"Importados Finos\"><!-- [et_pb_line_break_holder] -->        <\/div>\n<p><!-- [et_pb_line_break_holder] -->    <\/div>\n<p><!-- [et_pb_line_break_holder] --><!-- [et_pb_line_break_holder] -->    <\/p>\n<div class=\"wire-item\"><!-- [et_pb_line_break_holder] -->        <\/p>\n<div class=\"wire-text-content\"><!-- [et_pb_line_break_holder] -->            <span class=\"wire-header-tag\">GALVANIZADOS RETREFILADOS<\/span><!-- [et_pb_line_break_holder] -->            <\/p>\n<div><!-- [et_pb_line_break_holder] -->                <strong>ESCOBERO EN ROLLO:<\/strong><!-- [et_pb_line_break_holder] -->                \u2022 Di\u00e1metros: 0.70, 0.80, 0.90 mm.<!-- [et_pb_line_break_holder] -->                \u2022 Presentaci\u00f3n: Rollos de 30 kgs aprox.<!-- [et_pb_line_break_holder] -->                <!\u2013- [et_pb_br_holder] -\u2013><!-- [et_pb_line_break_holder] -->                <strong>ESCOBERO ENDEREZADO:<\/strong><!-- [et_pb_line_break_holder] -->                \u2022 Medida: 0.88 mm.<!-- [et_pb_line_break_holder] -->                \u2022 Caja por 10 kg aprox.<!-- [et_pb_line_break_holder] -->                \u2022 Uso: Agricultura (ligar o fijar elementos).<!-- [et_pb_line_break_holder] -->            <\/div>\n<p><!-- [et_pb_line_break_holder] -->        <\/div>\n<p><!-- [et_pb_line_break_holder] -->        <\/p>\n<div class=\"wire-img-content\"><!-- [et_pb_line_break_holder] -->            <img decoding=\"async\" src=\"https:\/\/aceroschubut.com\/wp-content\/uploads\/2026\/01\/galva.jpeg\" alt=\"Retrefilados Escobero\"><!-- [et_pb_line_break_holder] -->        <\/div>\n<p><!-- [et_pb_line_break_holder] -->    <\/div>\n<p><!-- [et_pb_line_break_holder] --><!-- [et_pb_line_break_holder] -->    <\/p>\n<div class=\"wire-item reverse-layout\"><!-- [et_pb_line_break_holder] -->        <\/p>\n<div class=\"wire-text-content\"><!-- [et_pb_line_break_holder] -->            <span class=\"wire-header-tag\">COSER CAJONES<\/span><!-- [et_pb_line_break_holder] -->            <\/p>\n<div><!-- [et_pb_line_break_holder] -->                Alambre galvanizado en rollos.<!-- [et_pb_line_break_holder] -->                <!\u2013- [et_pb_br_holder] -\u2013><!-- [et_pb_line_break_holder] -->                <strong>MEDIDAS:<\/strong> 1.22mm, 1.42mm, 1.63mm<!-- [et_pb_line_break_holder] -->                <strong>RECUBRIMIENTO ZINC:<\/strong><!-- [et_pb_line_break_holder] -->                \u2022 Para 1.22\/1.42mm: 15\/20 grs\/mm\u00b2<!-- [et_pb_line_break_holder] -->                \u2022 Para 1.63mm: 30\/40 grs\/mm\u00b2<!-- [et_pb_line_break_holder] -->                <strong>ACONDICIONADO:<\/strong><!-- [et_pb_line_break_holder] -->                \u2022 Rollos de 25 kgs<!-- [et_pb_line_break_holder] -->            <\/div>\n<p><!-- [et_pb_line_break_holder] -->        <\/div>\n<p><!-- [et_pb_line_break_holder] -->        <\/p>\n<div class=\"wire-img-content\"><!-- [et_pb_line_break_holder] -->            <img decoding=\"async\" src=\"https:\/\/aceroschubut.com\/wp-content\/uploads\/2026\/01\/coser.jpeg\" alt=\"Alambre Coser Cajones\"><!-- [et_pb_line_break_holder] -->        <\/div>\n<p><!-- [et_pb_line_break_holder] -->    <\/div>\n<p><!-- [et_pb_line_break_holder] --><!-- [et_pb_line_break_holder] --><\/div>\n<p>[\/et_pb_code][\/et_pb_column][\/et_pb_row][et_pb_row _builder_version=\u00bb4.27.4&#8243; _module_preset=\u00bbdefault\u00bb global_colors_info=\u00bb{}\u00bb][et_pb_column type=\u00bb4_4&#8243; _builder_version=\u00bb4.27.4&#8243; _module_preset=\u00bbdefault\u00bb global_colors_info=\u00bb{}\u00bb][et_pb_code _builder_version=\u00bb4.27.4&#8243; _module_preset=\u00bbdefault\u00bb global_colors_info=\u00bb{}\u00bb]<\/p>\n<style><!-- [et_pb_line_break_holder] -->  .floating-buy-btn {<!-- [et_pb_line_break_holder] -->    position: fixed; \/* Fijo en la pantalla *\/<!-- [et_pb_line_break_holder] -->    bottom: 25px;<!-- [et_pb_line_break_holder] -->    right: 25px;<!-- [et_pb_line_break_holder] -->    z-index: 99999999 !important; \/* Ahora s\u00ed funcionar\u00e1 *\/<!-- [et_pb_line_break_holder] -->    <!-- [et_pb_line_break_holder] -->    background-color: #ffe600; <!-- [et_pb_line_break_holder] -->    color: #1a1a1a;            <!-- [et_pb_line_break_holder] -->    font-family: 'Archivo', sans-serif;<!-- [et_pb_line_break_holder] -->    font-weight: 700;<!-- [et_pb_line_break_holder] -->    text-transform: uppercase;<!-- [et_pb_line_break_holder] -->    font-size: 16px;<!-- [et_pb_line_break_holder] -->    <!-- [et_pb_line_break_holder] -->    padding: 15px 30px;<!-- [et_pb_line_break_holder] -->    border-radius: 8px;<!-- [et_pb_line_break_holder] -->    text-decoration: none;<!-- [et_pb_line_break_holder] -->    <!-- [et_pb_line_break_holder] -->    box-shadow: 0 4px 15px rgba(0, 0, 0, 0.4);<!-- [et_pb_line_break_holder] -->    transition: all 0.3s ease;<!-- [et_pb_line_break_holder] -->    <!-- [et_pb_line_break_holder] -->    \/* Animaci\u00f3n *\/<!-- [et_pb_line_break_holder] -->    animation: pulse-border 2s infinite;<!-- [et_pb_line_break_holder] -->    <!-- [et_pb_line_break_holder] -->    \/* Aseguramos que se muestre *\/<!-- [et_pb_line_break_holder] -->    display: block !important;<!-- [et_pb_line_break_holder] -->    opacity: 1 !important;<!-- [et_pb_line_break_holder] -->    visibility: visible !important;<!-- [et_pb_line_break_holder] -->  }<!-- [et_pb_line_break_holder] --><!-- [et_pb_line_break_holder] -->  .floating-buy-btn:hover {<!-- [et_pb_line_break_holder] -->    background-color: #ffcc00;<!-- [et_pb_line_break_holder] -->    transform: translateY(-3px) scale(1.05);<!-- [et_pb_line_break_holder] -->    box-shadow: 0 8px 20px rgba(0, 0, 0, 0.5);<!-- [et_pb_line_break_holder] -->    color: #1a1a1a; <!-- [et_pb_line_break_holder] -->  }<!-- [et_pb_line_break_holder] --><!-- [et_pb_line_break_holder] -->  @keyframes pulse-border {<!-- [et_pb_line_break_holder] -->    0% { box-shadow: 0 0 0 0 rgba(255, 230, 0, 0.7); }<!-- [et_pb_line_break_holder] -->    70% { box-shadow: 0 0 0 15px rgba(255, 230, 0, 0); }<!-- [et_pb_line_break_holder] -->    100% { box-shadow: 0 0 0 0 rgba(255, 230, 0, 0); }<!-- [et_pb_line_break_holder] -->  }<!-- [et_pb_line_break_holder] --><\/style>\n<p><!-- [et_pb_line_break_holder] --><!-- [et_pb_line_break_holder] --><a href=\"https:\/\/api.whatsapp.com\/send\/?phone=5493415630712&#038;text=%C2%A1Hola%21+Me+dirijo+desde+la+web%3A&#038;type=phone_number&#038;app_absent=0\" <!-- [et_pb_line_break_holder] -->   id=\u00bbjs-floating-btn\u00bb<!-- [et_pb_line_break_holder] -->   class=\u00bbfloating-buy-btn\u00bb <!-- [et_pb_line_break_holder] -->   target=\u00bb_blank\u00bb><!-- [et_pb_line_break_holder] -->   Comprar<!-- [et_pb_line_break_holder] --><\/a><!-- [et_pb_line_break_holder] --><!-- [et_pb_line_break_holder] --><script><!-- [et_pb_line_break_holder] -->document.addEventListener(\"DOMContentLoaded\", function() {<!-- [et_pb_line_break_holder] -->    var btn = document.getElementById('js-floating-btn');<!-- [et_pb_line_break_holder] -->    if (btn) {<!-- [et_pb_line_break_holder] -->        \/\/ Mueve el bot\u00f3n fuera de las filas\/columnas de Divi<!-- [et_pb_line_break_holder] -->        \/\/ y lo pega directamente al final del cuerpo de la p\u00e1gina (<body>)<!-- [et_pb_line_break_holder] -->        document.body.appendChild(btn);<!-- [et_pb_line_break_holder] -->    }<!-- [et_pb_line_break_holder] -->});<!-- [et_pb_line_break_holder] --><\/script>[\/et_pb_code][\/et_pb_column][\/et_pb_row][\/et_pb_section]<\/p>\n","protected":false},"excerpt":{"rendered":"<p>Hilo de acero recubierto con zinc para protegerlo de la oxidaci\u00f3n y corrosi\u00f3n.Resistente y maleable, usado en construcci\u00f3n, agricultura e industrias.<\/p>\n","protected":false},"author":1,"featured_media":0,"parent":0,"menu_order":0,"comment_status":"closed","ping_status":"closed","template":"","meta":{"_et_pb_use_builder":"on","_et_pb_old_content":"","_et_gb_content_width":"","footnotes":""},"class_list":["post-698","page","type-page","status-publish","hentry"],"_links":{"self":[{"href":"https:\/\/aceroschubut.com\/index.php\/wp-json\/wp\/v2\/pages\/698","targetHints":{"allow":["GET"]}}],"collection":[{"href":"https:\/\/aceroschubut.com\/index.php\/wp-json\/wp\/v2\/pages"}],"about":[{"href":"https:\/\/aceroschubut.com\/index.php\/wp-json\/wp\/v2\/types\/page"}],"author":[{"embeddable":true,"href":"https:\/\/aceroschubut.com\/index.php\/wp-json\/wp\/v2\/users\/1"}],"replies":[{"embeddable":true,"href":"https:\/\/aceroschubut.com\/index.php\/wp-json\/wp\/v2\/comments?post=698"}],"version-history":[{"count":29,"href":"https:\/\/aceroschubut.com\/index.php\/wp-json\/wp\/v2\/pages\/698\/revisions"}],"predecessor-version":[{"id":1017,"href":"https:\/\/aceroschubut.com\/index.php\/wp-json\/wp\/v2\/pages\/698\/revisions\/1017"}],"wp:attachment":[{"href":"https:\/\/aceroschubut.com\/index.php\/wp-json\/wp\/v2\/media?parent=698"}],"curies":[{"name":"wp","href":"https:\/\/api.w.org\/{rel}","templated":true}]}}